{"id":2043,"date":"2017-06-23T02:28:27","date_gmt":"2017-06-23T02:28:27","guid":{"rendered":"http:\/\/petro-wp.themegum.com\/?page_id=2044"},"modified":"2021-06-25T17:04:22","modified_gmt":"2021-06-25T23:04:22","slug":"homepage","status":"publish","type":"page","link":"http:\/\/maquinadosreyes.com.mx\/","title":{"rendered":"Homepage"},"content":{"rendered":"<div class=\"container-fluid\"><div id=\"element_1177758875174\" class=\"el_row row\"><div class=\"inner-row\"><div id=\"element_2\" class=\"el_column self-align_center align-center col-md-12\"><div class=\"inner-column\"><div id=\"element_3177758875152\" class=\"el_text\"><div><\/div>\n<div><\/div><\/div><\/div><\/div><\/div><\/div><\/div><div class=\"container-fluid\"><div class=\"container\"><div id=\"element_4177758875138\" class=\"el_row row\"><div class=\"inner-row\"><div id=\"element_5\" class=\"el_column col-md-12\"><div class=\"inner-column\"><div id=\"element_6177758875157\" class=\"row el_row\"><div class=\"inner-row\"><div id=\"element_7\" class=\"el_column col-md-4\"><div class=\"inner-column\"><div id=\"element_8\" class=\"module-iconboxes style-2\"><div class=\"iconboxes-wrap\" ><span class=\"box\"><i  class=\"fa-user-circle-o\">&nbsp;<\/i><\/span><div class=\"text-wrap\"><h4 class=\"box-heading\" >Servicio<\/h4><div class=\"iconboxes-text\"><p>Gracias a la experiencia de cada colaborador, es como podemos garantizar entregas en tiempo y forma.<\/p><\/div><\/div><\/div><\/div><\/div><\/div><div id=\"element_9\" class=\"el_column col-md-4\"><div class=\"inner-column\"><div id=\"element_10\" class=\"module-iconboxes style-2\"><div class=\"iconboxes-wrap\" ><span class=\"box\"><i  class=\"fa-gear\">&nbsp;<\/i><\/span><div class=\"text-wrap\"><h4 class=\"box-heading\" >Proceso<\/h4><div class=\"iconboxes-text\"><p>Desarrollamos cada proyecto con pasi\u00f3n y entusiasmo para lograr la satisfacci\u00f3n total de nuestros clientes.<\/p><\/div><\/div><\/div><\/div><\/div><\/div><div id=\"element_11\" class=\"el_column col-md-4\"><div class=\"inner-column\"><div id=\"element_12\" class=\"module-iconboxes style-2\"><div class=\"iconboxes-wrap\" ><span class=\"box\"><i  class=\"fa-check-circle-o\">&nbsp;<\/i><\/span><div class=\"text-wrap\"><h4 class=\"box-heading\" >Producto<\/h4><div class=\"iconboxes-text\"><p>Trabajamos en la mejora continua de nuestros procesos ofreciendo productos de calidad.<\/p><\/div><\/div><\/div><\/div><\/div><\/div><\/div><\/div><div id=\"element-13\" class=\"section-head left layout-petro\"><div><h2 class=\"section-main-title\">ACERCA DE NOSOTROS<\/h2><\/div><\/div><div id=\"element_14177758875127\" class=\"row el_row\"><div class=\"inner-row\"><div id=\"element_15\" class=\"el_column col-md-5\"><div class=\"inner-column\"><div id=\"element_16\" class=\"youtube_popup\"><div class=\"action-panel\"  style=\"background-color:#666666;\"><a class=\"popup-youtube\" href=\"http:\/\/maquinadosreyes.com.mx\/wp-content\/themes\/petro\/images\/MaquinadosReyes.mp4\" target=\"_blank\"><span class=\"fa fa-play fa-3x playvid\"><\/span><\/a><\/div><img decoding=\"async\" class=\"img-responsive\" src=\"http:\/\/maquinadosreyes.com.mx\/wp-content\/uploads\/2018\/11\/BannerVideo.png\" alt=\"\"\/><\/div><\/div><\/div><div id=\"element_17\" class=\"el_column col-md-7\"><div class=\"inner-column\"><div id=\"element_18177758875123\" class=\"el_text\"><p class=\"lead\">Somos una empresa hidalguense con gran trayectoria<\/p><\/div><div id=\"element_19177758875182\" class=\"el_text\"><p>Nos hemos consolidado como proveedora de servicios de mantenimiento industrial, maquinado y reparaci\u00f3n de piezas met\u00e1licas, obteniendo as\u00ed la confianza de nuestros clientes al estar comprometidos en escuchar, buscar y resolver las necesidades de cada proyecto de acuerdo a est\u00e1ndares de calidad establecidos en la industria metalmec\u00e1nica.<\/p>\n<p>Contamos con una amplia experiencia en el sector y con la infraestructura suficiente para cubrir las expectativas de nuestros clientes y ofrecer un excelente servicio, todo esto gracias a la experiencia que hemos obtenido con nuestra trayectoria.<\/p><\/div><\/div><\/div><\/div><\/div><\/div><\/div><\/div><\/div><\/div><\/div><div class=\"container-fluid\"><div id=\"element_20177758875192\" class=\"el_row row\"><div class=\"inner-row\"><div class=\"container\"><div class=\"row\"><div id=\"element_21\" class=\"el_column col-md-12\"><div class=\"inner-column\"><div id=\"element_22177758875154\" class=\"row el_row\"><div class=\"inner-row\"><div id=\"element_23\" class=\"el_column col-md-5\"><div class=\"inner-column\"><div id=\"element_24\" class=\"team_custom petro-lite style-default content-align-center clearfix\" ><div class=\"profile\">\r\n                    <figure><div class=\"top-image\">\r\n                            <img decoding=\"async\" style=\"\" src=\"http:\/\/maquinadosreyes.com.mx\/wp-content\/uploads\/2018\/12\/tec-Acevedo2-360x400.jpg\" class=\"img-responsive\" alt=\"\"\/>\r\n                        <\/div><figcaption><span class=\"profile-heading\">Nuestro Fundador<\/span>\r\n                        <\/figcaption>\r\n                    <\/figure>\r\n                <\/div><\/div><\/div><\/div><div id=\"element_25\" class=\"el_column col-md-7\"><div class=\"inner-column\"><div id=\"element-26\" class=\"section-head left\"><div><h2 style=\"font-weight:normal;text-transform:uppercase\" class=\"section-main-title\">Ing. Reyes L\u00f3pez Acevedo<\/h2><\/div><\/div><div id=\"element-27\" class=\"section-head left  size-custom\"><div><h2 style=\"font-weight:600;font-size:14px;text-transform:uppercase\" class=\"section-main-title\">Fundador Maquinados Reyes<\/h2><\/div><\/div><div id=\"element_28177758875132\" class=\"el_text\"><p>Una persona incansable, siempre atenta a su familia y comprometida con su trabajo, distinguido por ser siempre perseverante en busca de sus objetivos, empresario reconocido con una trayectoria de mas de 10 a\u00f1os; forjo y construy\u00f3 una de las empresas mas reconocida a nivel regional <strong>MAQUINADOS REYES<\/strong>, siempre con una personalidad distinguida, amable y sonriente.<\/p>\n<blockquote><p>Nuestra empresa se remonta al a\u00f1o 2004, cuando despu\u00e9s de 30 a\u00f1os de prestar servicios como empleado el Tec. Reyes L\u00f3pez (Q.E.P.D.) decide fundar esta exitosa empresa. . .<\/p><\/blockquote><\/div><\/div><\/div><\/div><\/div><\/div><\/div><\/div><\/div><\/div><\/div><\/div><div class=\"container-fluid\"><div class=\"container\"><div id=\"element_29177758875130\" class=\"el_row row\"><div class=\"inner-row\"><div id=\"element_30\" class=\"el_column col-md-12\"><div class=\"inner-column\"><div id=\"element-31\" class=\"section-head left layout-petro\"><div><h2 style=\"text-transform:uppercase\" class=\"section-main-title\">Nuestros Servicios<\/h2><\/div><\/div><div id=\"element_32177758875190\" class=\"row el_row\"><div class=\"inner-row\"><div id=\"element_33\" class=\"el_column col-md-4\"><div class=\"inner-column\"><div id=\"element_34\" class=\"module-iconboxes style-7\"><div class=\"iconboxes-wrap\" ><div class=\"media\"><img decoding=\"async\" class=\"img-responsive\" src=\"http:\/\/maquinadosreyes.com.mx\/wp-content\/uploads\/2018\/10\/icomant2.jpg\" alt=\"\"\/><\/div><div class=\"icon-body\"><span class=\"box\"><a target='_blank' href='http:\/\/maquinadosreyes.com.mx\/?petro_service=mantoindustrial'><i  class=\"petro-construct-47\">&nbsp;<\/i><\/a><\/span><div class=\"text-wrap\"><h4 class=\"box-heading\" >Mantenimiento industrial<\/h4><div class=\"iconboxes-text\"><p>Ayudamos a optimizar y prolongar la vida \u00fatil de sus maquinas.<\/p><a target=\"_blank\" href=\"http:\/\/maquinadosreyes.com.mx\/?petro_service=mantoindustrial\" class=\"more-link\">Saber m\u00e1s<\/a><\/div><\/div><\/div><\/div><\/div><\/div><\/div><div id=\"element_35\" class=\"el_column col-md-4\"><div class=\"inner-column\"><div id=\"element_36\" class=\"module-iconboxes style-7\"><div class=\"iconboxes-wrap\" ><div class=\"media\"><img decoding=\"async\" class=\"img-responsive\" src=\"http:\/\/maquinadosreyes.com.mx\/wp-content\/uploads\/2021\/06\/Servicios2.png\" alt=\"\"\/><\/div><div class=\"icon-body\"><span class=\"box\"><a target='_blank' href='http:\/\/maquinadosreyes.com.mx\/?petro_service=tallersoldadura'><i  class=\"petro-construct-5\">&nbsp;<\/i><\/a><\/span><div class=\"text-wrap\"><h4 class=\"box-heading\" >Taller de soldadura<\/h4><div class=\"iconboxes-text\"><p>Contamos con un \u00e1rea especializada en soldadura.<\/p><a target=\"_blank\" href=\"http:\/\/maquinadosreyes.com.mx\/?petro_service=tallersoldadura\" class=\"more-link\">Saber m\u00e1s<\/a><\/div><\/div><\/div><\/div><\/div><\/div><\/div><div id=\"element_37\" class=\"el_column col-md-4\"><div class=\"inner-column\"><div id=\"element_38\" class=\"module-iconboxes style-7\"><div class=\"iconboxes-wrap\" ><div class=\"media\"><img decoding=\"async\" class=\"img-responsive\" src=\"http:\/\/maquinadosreyes.com.mx\/wp-content\/uploads\/2018\/10\/icomaq.jpg\" alt=\"\"\/><\/div><div class=\"icon-body\"><span class=\"box\"><a target='_blank' href='http:\/\/maquinadosreyes.com.mx\/?petro_service=mechanical-engineering'><i  class=\"petro-construct-50\">&nbsp;<\/i><\/a><\/span><div class=\"text-wrap\"><h4 class=\"box-heading\" >Taller de maquinado<\/h4><div class=\"iconboxes-text\"><p>Nuestro personal cuenta con amplia experiencia y capacitaci\u00f3n continua.<\/p><a target=\"_blank\" href=\"http:\/\/maquinadosreyes.com.mx\/?petro_service=mechanical-engineering\" class=\"more-link\">Saber m\u00e1s<\/a><\/div><\/div><\/div><\/div><\/div><\/div><\/div><\/div><\/div><div id=\"element_39177758875199\" class=\"row el_row\"><div class=\"inner-row\"><div id=\"element_40\" class=\"el_column col-md-12\"><div class=\"inner-column\"><\/div><\/div><\/div><\/div><\/div><\/div><\/div><\/div><\/div><\/div><div class=\"container-fluid\"><div id=\"element_41177758875142\" class=\"el_row row\"><div class=\"inner-row\"><div class=\"container\"><div class=\"row\"><div id=\"element_42\" class=\"el_column col-md-12\"><div class=\"inner-column\"><div id=\"element-43\" class=\"section-head center  size-custom\"><div><h2 style=\"font-weight:700;font-size:24px\" class=\"section-main-title\">Suscr\u00edbete a nuestro bolet\u00edn y recibe noticias sobre nosotros.<\/h2><\/div><\/div><div id=\"element_44177758875125\" class=\"el_text\"><script>(function() {\n\twindow.mc4wp = window.mc4wp || {\n\t\tlisteners: [],\n\t\tforms: {\n\t\t\ton: function(evt, cb) {\n\t\t\t\twindow.mc4wp.listeners.push(\n\t\t\t\t\t{\n\t\t\t\t\t\tevent   : evt,\n\t\t\t\t\t\tcallback: cb\n\t\t\t\t\t}\n\t\t\t\t);\n\t\t\t}\n\t\t}\n\t}\n})();\n<\/script><!-- Mailchimp for WordPress v4.9.10 - https:\/\/wordpress.org\/plugins\/mailchimp-for-wp\/ --><form id=\"mc4wp-form-1\" class=\"mc4wp-form mc4wp-form-4326\" method=\"post\" data-id=\"4326\" data-name=\"\" ><div class=\"mc4wp-form-fields\"><p><input type=\"email\" name=\"EMAIL\" placeholder=\"Correo electr\u00f3nico...\" required=\"\" style=\"width: 541.9921879999999px;color: #000000;padding-top: 8.5;padding-top: 9px;\">\r\n<button type=\"submit\" class=\"btn btn-primary quote-btn\" value=\"Suscribete\" style=\"\r\n    padding-left: 10px;\r\n    padding-right: 10px;\r\n    padding-top: 12px;\r\n    padding-bottom: 10px;\r\n\"><i class=\"fa fa-envelope\"><\/i>Suscr\u00edbete<\/button>\r\n  \r\n\r\n\r\n    \t<\/div><label style=\"display: none !important;\">Leave this field empty if you're human: <input type=\"text\" name=\"_mc4wp_honeypot\" value=\"\" tabindex=\"-1\" autocomplete=\"off\" \/><\/label><input type=\"hidden\" name=\"_mc4wp_timestamp\" value=\"1777588751\" \/><input type=\"hidden\" name=\"_mc4wp_form_id\" value=\"4326\" \/><input type=\"hidden\" name=\"_mc4wp_form_element_id\" value=\"mc4wp-form-1\" \/><div class=\"mc4wp-response\"><\/div><\/form><!-- \/ Mailchimp for WordPress Plugin --><\/div><\/div><\/div><\/div><\/div><\/div><\/div><\/div><div class=\"container-fluid\"><div class=\"container\"><div id=\"element_45177758875193\" class=\"el_row row\"><div class=\"inner-row\"><div id=\"element_46\" class=\"el_column self-align_center align-center col-md-12\"><div class=\"inner-column\"><\/div><\/div><\/div><\/div><\/div><\/div><div class=\"container-fluid\"><div class=\"container\"><div id=\"element_47177758875132\" class=\"el_row row\"><div class=\"inner-row\"><div id=\"element_48\" class=\"el_column col-md-12\"><div class=\"inner-column\"><div id=\"element_49177758875144\" class=\"row el_row\"><div class=\"inner-row\"><div id=\"element_50\" class=\"el_column col-md-3\"><div class=\"inner-column\"><div id=\"element_51\" class=\"el_image\"><div class=\"img-wrap image-align-center style-default\" ><div class=\"inner-wrap\" ><img decoding=\"async\"  class=\"img-responsive\"  src=\"http:\/\/maquinadosreyes.com.mx\/wp-content\/uploads\/2019\/01\/Logo4.png\" alt=\"\"\/><\/div><\/div><\/div><\/div><\/div><div id=\"element_52\" class=\"el_column col-md-3\"><div class=\"inner-column\"><div id=\"element_53\" class=\"el_image\"><div class=\"img-wrap image-align-center style-default\" ><div class=\"inner-wrap\" ><img decoding=\"async\"  class=\"img-responsive\"  src=\"http:\/\/maquinadosreyes.com.mx\/wp-content\/uploads\/2019\/01\/Logo1.png\" alt=\"\"\/><\/div><\/div><\/div><\/div><\/div><div id=\"element_54\" class=\"el_column col-md-3\"><div class=\"inner-column\"><div id=\"element_55\" class=\"el_image\"><div class=\"img-wrap image-align-center style-default\" ><div class=\"inner-wrap\" ><img decoding=\"async\"  class=\"img-responsive\"  src=\"http:\/\/maquinadosreyes.com.mx\/wp-content\/uploads\/2019\/01\/Logo2.png\" alt=\"\"\/><\/div><\/div><\/div><\/div><\/div><div id=\"element_56\" class=\"el_column col-md-3\"><div class=\"inner-column\"><div id=\"element_57\" class=\"el_image\"><div class=\"img-wrap image-align-center style-default\" ><div class=\"inner-wrap\" ><img decoding=\"async\"  class=\"img-responsive\"  src=\"http:\/\/maquinadosreyes.com.mx\/wp-content\/uploads\/2019\/01\/Logo3.png\" alt=\"\"\/><\/div><\/div><\/div><\/div><\/div><\/div><\/div><\/div><\/div><\/div><\/div><\/div><\/div><div class=\"container-fluid\"><div id=\"element_58177758875192\" class=\"el_row row\"><div class=\"inner-row\"><div class=\"container\"><div class=\"row\"><div id=\"element_59\" class=\"el_column col-md-12\"><div class=\"inner-column\"><div id=\"element_60177758875143\" class=\"row el_row\"><div class=\"inner-row\"><div id=\"element_61\" class=\"el_column col-md-4\"><div class=\"inner-column\"><div id=\"element_62\" class=\"module-iconboxes style-4\"><div class=\"iconboxes-wrap\" ><span class=\"box\"><i  style=\"color:rgba(255,255,255,0.2);\" class=\"fa-phone\">&nbsp;<\/i><\/span><div class=\"text-wrap\"><h4 class=\"box-heading\" style=\"color:#003366\">QUEREMOS ESCUCHARTE<\/h4><div class=\"iconboxes-text\"><p>791 913 0974<\/p><\/div><\/div><\/div><\/div><\/div><\/div><div id=\"element_63\" class=\"el_column col-md-4\"><div class=\"inner-column\"><div id=\"element_64\" class=\"module-iconboxes style-4\"><div class=\"iconboxes-wrap\" ><span class=\"box\"><i  style=\"color:rgba(255,255,255,0.2);\" class=\"fa-map-marker\">&nbsp;<\/i><\/span><div class=\"text-wrap\"><h4 class=\"box-heading\" style=\"color:#003366\">NOS ESCANTARIA TU VISITA<\/h4><div class=\"iconboxes-text\"><p>Parque Industrial Isac, Lote 4 Fracci\u00f3n 3, Sahag\u00fan Hgo, 43998.<\/p><\/div><\/div><\/div><\/div><\/div><\/div><div id=\"element_65\" class=\"el_column col-md-4\"><div class=\"inner-column\"><div id=\"element_66\" class=\"module-iconboxes style-4\"><div class=\"iconboxes-wrap\" ><span class=\"box\"><i  style=\"color:rgba(255,255,255,0.2);\" class=\"fa-envelope\">&nbsp;<\/i><\/span><div class=\"text-wrap\"><h4 class=\"box-heading\" style=\"color:#003366\">ESCR\u00cdBENOS TUS DUDAS<\/h4><div class=\"iconboxes-text\"><p>maquinadosreyes@hotmail.com contacto@maquinadosreyes.com.mx<\/p><\/div><\/div><\/div><\/div><\/div><\/div><\/div><\/div><\/div><\/div><\/div><\/div><\/div><\/div><\/div>\n","protected":false},"excerpt":{"rendered":"","protected":false},"author":5,"featured_media":0,"parent":0,"menu_order":0,"comment_status":"closed","ping_status":"closed","template":"editor_page.php","meta":{"footnotes":"","_joinchat":[]},"_links":{"self":[{"href":"http:\/\/maquinadosreyes.com.mx\/index.php?rest_route=\/wp\/v2\/pages\/2043"}],"collection":[{"href":"http:\/\/maquinadosreyes.com.mx\/index.php?rest_route=\/wp\/v2\/pages"}],"about":[{"href":"http:\/\/maquinadosreyes.com.mx\/index.php?rest_route=\/wp\/v2\/types\/page"}],"author":[{"embeddable":true,"href":"http:\/\/maquinadosreyes.com.mx\/index.php?rest_route=\/wp\/v2\/users\/5"}],"replies":[{"embeddable":true,"href":"http:\/\/maquinadosreyes.com.mx\/index.php?rest_route=%2Fwp%2Fv2%2Fcomments&post=2043"}],"version-history":[{"count":94,"href":"http:\/\/maquinadosreyes.com.mx\/index.php?rest_route=\/wp\/v2\/pages\/2043\/revisions"}],"predecessor-version":[{"id":4662,"href":"http:\/\/maquinadosreyes.com.mx\/index.php?rest_route=\/wp\/v2\/pages\/2043\/revisions\/4662"}],"wp:attachment":[{"href":"http:\/\/maquinadosreyes.com.mx\/index.php?rest_route=%2Fwp%2Fv2%2Fmedia&parent=2043"}],"curies":[{"name":"wp","href":"https:\/\/api.w.org\/{rel}","templated":true}]}}