{"id":2030,"date":"2017-06-23T02:02:59","date_gmt":"2017-06-23T02:02:59","guid":{"rendered":"http:\/\/petro-wp.themegum.com\/?page_id=2030"},"modified":"2019-01-24T16:50:11","modified_gmt":"2019-01-24T22:50:11","slug":"our-partners","status":"publish","type":"page","link":"http:\/\/maquinadosreyes.com.mx\/?page_id=2030","title":{"rendered":"Nuestros Clientes"},"content":{"rendered":"<div class=\"container-fluid\"><div class=\"container\"><div id=\"element_1177759355487\" class=\"el_row row\"><div class=\"inner-row\"><div id=\"element_2\" class=\"el_column col-md-12\"><div class=\"inner-column\"><div id=\"element_3177759355472\" class=\"row el_row\"><div class=\"inner-row\"><div id=\"element_4\" class=\"el_column col-md-3\"><div class=\"inner-column\"><div id=\"element_5177759355413\" class=\"row el_row\"><div class=\"inner-row\"><div id=\"element_6\" class=\"el_column align-center col-md-12\"><div class=\"inner-column\"><div id=\"element_7\" data-uk-scrollspy=\"{cls:'uk-animation-scale-down', delay:400}\" class=\"el_image\"><div class=\"img-wrap image-align-right style-default\" ><div class=\"inner-wrap\" ><img decoding=\"async\"  class=\"img-responsive\"  src=\"http:\/\/maquinadosreyes.com.mx\/wp-content\/uploads\/2019\/01\/Logo4.png\" alt=\"\"\/><\/div><\/div><\/div><\/div><\/div><\/div><\/div><\/div><\/div><div id=\"element_8\" class=\"el_column col-md-9\"><div class=\"inner-column\"><div id=\"element-9\" class=\"section-head left  size-custom\"><div><h2 style=\"font-weight:700;font-size:24px;text-transform:uppercase\" class=\"section-main-title\">GERDAU CORSA<\/h2><\/div><\/div><div id=\"element_10177759355457\" class=\"el_text\"><p>Se encarga de elaborar aceros, esta empresa es una de las principales proveedoras de aceros largos especiales y el mayor proveedor para la industria automotriz.<\/p><\/div><\/div><\/div><\/div><\/div><div id=\"element_11177759355496\" class=\"row el_row\"><div class=\"inner-row\"><div id=\"element_12\" class=\"el_column col-md-3\"><div class=\"inner-column\"><div id=\"element_13177759355418\" class=\"row el_row\"><div class=\"inner-row\"><div id=\"element_14\" class=\"el_column align-center col-md-12\"><div class=\"inner-column\"><div id=\"element_15\" data-uk-scrollspy=\"{cls:'uk-animation-scale-down', delay:400}\" class=\"el_image\"><div class=\"img-wrap image-align-right style-default\" ><div class=\"inner-wrap\" ><img decoding=\"async\"  class=\"img-responsive\"  src=\"http:\/\/maquinadosreyes.com.mx\/wp-content\/uploads\/2019\/01\/Logo1.png\" alt=\"\"\/><\/div><\/div><\/div><\/div><\/div><\/div><\/div><\/div><\/div><div id=\"element_16\" class=\"el_column col-md-9\"><div class=\"inner-column\"><div id=\"element-17\" class=\"section-head left  size-custom\"><div><h2 style=\"font-weight:700;font-size:24px;text-transform:uppercase\" class=\"section-main-title\">Grupak<\/h2><\/div><\/div><div id=\"element_18177759355419\" class=\"el_text\"><p>Es una empresa 100% mexicana con experiencia en la industria integrada de fibra, papel y cart\u00f3n corrugado que cuentan con est\u00e1ndares de calidad y servicio.<\/p><\/div><\/div><\/div><\/div><\/div><div id=\"element_19177759355494\" class=\"row el_row\"><div class=\"inner-row\"><div id=\"element_20\" class=\"el_column col-md-3\"><div class=\"inner-column\"><div id=\"element_21177759355468\" class=\"row el_row\"><div class=\"inner-row\"><div id=\"element_22\" class=\"el_column align-center col-md-12\"><div class=\"inner-column\"><div id=\"element_23\" data-uk-scrollspy=\"{cls:'uk-animation-scale-down', delay:400}\" class=\"el_image\"><div class=\"img-wrap image-align-right style-default\" ><div class=\"inner-wrap\" ><img decoding=\"async\"  class=\"img-responsive\"  src=\"http:\/\/maquinadosreyes.com.mx\/wp-content\/uploads\/2019\/01\/Logo2.png\" alt=\"\"\/><\/div><\/div><\/div><\/div><\/div><\/div><\/div><\/div><\/div><div id=\"element_24\" class=\"el_column col-md-9\"><div class=\"inner-column\"><div id=\"element-25\" class=\"section-head left  size-custom\"><div><h2 style=\"font-weight:700;font-size:24px;text-transform:uppercase\" class=\"section-main-title\">Assden<\/h2><\/div><\/div><div id=\"element_26177759355433\" class=\"el_text\"><p>Ha impulsado la fabricaci\u00f3n y mantenimiento de equipos y componentes para la industria ferroviaria y energ\u00e9tica, est\u00e1n apasionados por el servicio y la calidad.<\/p><\/div><\/div><\/div><\/div><\/div><div id=\"element_27177759355415\" class=\"row el_row\"><div class=\"inner-row\"><div id=\"element_28\" class=\"el_column col-md-3\"><div class=\"inner-column\"><div id=\"element_29177759355453\" class=\"row el_row\"><div class=\"inner-row\"><div id=\"element_30\" class=\"el_column align-center col-md-12\"><div class=\"inner-column\"><div id=\"element_31\" data-uk-scrollspy=\"{cls:'uk-animation-scale-down', delay:400}\" class=\"el_image\"><div class=\"img-wrap image-align-right style-default\" ><div class=\"inner-wrap\" ><img decoding=\"async\"  class=\"img-responsive\"  src=\"http:\/\/maquinadosreyes.com.mx\/wp-content\/uploads\/2019\/01\/Logo3.png\" alt=\"\"\/><\/div><\/div><\/div><\/div><\/div><\/div><\/div><\/div><\/div><div id=\"element_32\" class=\"el_column col-md-9\"><div class=\"inner-column\"><div id=\"element-33\" class=\"section-head left  size-custom\"><div><h2 style=\"font-weight:700;font-size:24px;text-transform:uppercase\" class=\"section-main-title\">GUNDERSON-CONCARRIL<\/h2><\/div><\/div><div id=\"element_34177759355416\" class=\"el_text\"><p>Es una empresa que est\u00e1 comprometida en la producci\u00f3n de carros de ferrocarril; su equipo de trabajo tiene la capacidad de atender los retos de sus clientes.<\/p><\/div><\/div><\/div><\/div><\/div><\/div><\/div><\/div><\/div><\/div><\/div>\n","protected":false},"excerpt":{"rendered":"","protected":false},"author":5,"featured_media":0,"parent":1965,"menu_order":15,"comment_status":"closed","ping_status":"closed","template":"editor_page.php","meta":{"footnotes":"","_joinchat":[]},"_links":{"self":[{"href":"http:\/\/maquinadosreyes.com.mx\/index.php?rest_route=\/wp\/v2\/pages\/2030"}],"collection":[{"href":"http:\/\/maquinadosreyes.com.mx\/index.php?rest_route=\/wp\/v2\/pages"}],"about":[{"href":"http:\/\/maquinadosreyes.com.mx\/index.php?rest_route=\/wp\/v2\/types\/page"}],"author":[{"embeddable":true,"href":"http:\/\/maquinadosreyes.com.mx\/index.php?rest_route=\/wp\/v2\/users\/5"}],"replies":[{"embeddable":true,"href":"http:\/\/maquinadosreyes.com.mx\/index.php?rest_route=%2Fwp%2Fv2%2Fcomments&post=2030"}],"version-history":[{"count":20,"href":"http:\/\/maquinadosreyes.com.mx\/index.php?rest_route=\/wp\/v2\/pages\/2030\/revisions"}],"predecessor-version":[{"id":4530,"href":"http:\/\/maquinadosreyes.com.mx\/index.php?rest_route=\/wp\/v2\/pages\/2030\/revisions\/4530"}],"up":[{"embeddable":true,"href":"http:\/\/maquinadosreyes.com.mx\/index.php?rest_route=\/wp\/v2\/pages\/1965"}],"wp:attachment":[{"href":"http:\/\/maquinadosreyes.com.mx\/index.php?rest_route=%2Fwp%2Fv2%2Fmedia&parent=2030"}],"curies":[{"name":"wp","href":"https:\/\/api.w.org\/{rel}","templated":true}]}}