{"id":1965,"date":"2017-06-22T17:18:53","date_gmt":"2017-06-22T17:18:53","guid":{"rendered":"http:\/\/petro-wp.themegum.com\/?page_id=1965"},"modified":"2021-06-24T13:51:11","modified_gmt":"2021-06-24T19:51:11","slug":"about-us","status":"publish","type":"page","link":"http:\/\/maquinadosreyes.com.mx\/?page_id=1965","title":{"rendered":"Nuestra Empresa"},"content":{"rendered":"<div class=\"container-fluid\"><div class=\"container\"><div id=\"element_1177759364367\" class=\"el_row row\"><div class=\"inner-row\"><div id=\"element_2\" class=\"el_column col-md-12\"><div class=\"inner-column\"><div id=\"element_3177759364376\" class=\"row el_row\"><div class=\"inner-row\"><div id=\"element_4\" class=\"el_column col-md-5\"><div class=\"inner-column\"><div id=\"element_5\" class=\"el_image\"><div class=\"img-wrap image-align-left style-default\" ><div class=\"inner-wrap\" ><img decoding=\"async\"  class=\"img-responsive\"  src=\"http:\/\/maquinadosreyes.com.mx\/wp-content\/uploads\/2021\/06\/Slider1.png\" alt=\"\"\/><\/div><\/div><\/div><\/div><\/div><div id=\"element_6\" class=\"el_column col-md-7\"><div class=\"inner-column\"><div id=\"element_7177759364395\" class=\"el_text\"><p>Contamos con dos naves industriales de 508 metros cuadrados, nuestro centro de producci\u00f3n se encuentra perfectamente distribuido, donde podemos encontrar equipos de maquinado convencional y maquinado CNC; y adem\u00e1s contamos con tornos, fresas, equipo de corte, taladros, cizalla, troqueles y m\u00e1quinas de soldar.<\/p><\/div><div id=\"element_8177759364338\" class=\"el_text\"><p>Nuestro principal objetivo es ofrecer soluciones a la industria metalmec\u00e1nica, mediante la fabricaci\u00f3n de productos con altos est\u00e1ndares de calidad, utilizando procesos y tecnolog\u00eda de primera generaci\u00f3n que cubren todas las normas de seguridad, y de esta forma ser considerados como la primer opci\u00f3n en el mercado.<\/p><\/div><div id=\"element_9177759364351\" class=\"el_text\"><blockquote><p>Somos una empresa certificada en la Norma<strong> ISO9001:2015 <\/strong>y en proceso de <strong>Certificaci\u00f3n de la AAR.<\/strong><\/p><\/blockquote><\/div><\/div><\/div><\/div><\/div><\/div><\/div><\/div><\/div><\/div><\/div><div class=\"container-fluid\"><div class=\"container\"><div id=\"element_10177759364328\" class=\"el_row row\"><div class=\"inner-row\"><div id=\"element_11\" class=\"el_column col-md-12\"><div class=\"inner-column\"><div id=\"element_12177759364398\" class=\"row el_row\"><div class=\"inner-row\"><div id=\"element_13\" class=\"el_column col-md-6\"><div class=\"inner-column\"><div class=\"responsive_tab\"><ul id=\"tabid_14\" class=\"nav nav-tabs responsive\"><li class=\"in-active\">\r\n                        <a href=\"#tabid_14_0\">Misi\u00f3n \/ Mission<\/a>\r\n                  <\/li>\n<li >\r\n                        <a href=\"#tabid_14_1\">Visi\u00f3n \/ Vision<\/a>\r\n                  <\/li>\n<li >\r\n                        <a href=\"#tabid_14_2\">Pol\u00edtica de Calidad \/ Quality politics<\/a>\r\n                  <\/li>\r\n          <\/ul>\n<div class=\"tab-content responsive\">\r\n                    <div id=\"tabid_14_0\" class=\"tab-pane in active\"><div id=\"element_15177759364382\" class=\"el_text mostrar\"><p>Incrementar el nivel de confianza de nuestros Clientes en el desarrollo de sus procesos industriales logrando mejores tiempos de respuesta y soluciones tecnol\u00f3gicas, alcanzadas por la experiencia de nuestro equipo certificado.<\/p>\n<p>Providing to our customers quality services and products in metal-mechanical branch , committed to communication and safety, with efficient and motivated persons.<\/p>\n<p><img loading=\"lazy\" decoding=\"async\" class=\" wp-image-110 aligncenter\" src=\"http:\/\/maquinadosreyes.com.mx\/wp-content\/uploads\/2019\/01\/mision.jpg\" alt=\"\" width=\"600\" height=\"150\" \/><\/p><\/div><\/div>\n<div id=\"tabid_14_1\" class=\"tab-pane\"><div id=\"element_16177759364352\" class=\"el_text\"><p>Ser la empresa l\u00edder en brindar soluciones vers\u00e1tiles en la industria metal-mec\u00e1nica enfocados en el desarrollo de nuestro equipo y entorno continuando con el legado que nos distingue.<\/p>\n<p>Be a sustainable company, recognized for our quality products and services, our response time and our technology innovation.<\/p>\n<p><img loading=\"lazy\" decoding=\"async\" class=\"wp-image-110 aligncenter\" src=\"http:\/\/maquinadosreyes.com.mx\/wp-content\/uploads\/2019\/01\/vision.jpg\" alt=\"\" width=\"600\" height=\"150\" \/><\/p><\/div><\/div>\n<div id=\"tabid_14_2\" class=\"tab-pane\"><div id=\"element_17177759364341\" class=\"el_text\"><p>Proporcionar servicios de mantenimiento y productos para la industria metal-mec\u00e1nica cumpliendo los requisitos establecidos por el cliente y partes interesadas logrando su satisfacci\u00f3n, mediante el trabajo en equipo y la mejora continua de nuestros procesos.<\/p>\n<p>Provide products and maintenance services for the metal-mechanical industry, meeting the requirements established by client and interested parties, achieving their satisfaction, through team work and continuous improvement of our processes.<\/p>\n<p><img loading=\"lazy\" decoding=\"async\" class=\"wp-image-4563 aligncenter\" src=\"http:\/\/maquinadosreyes.com.mx\/wp-content\/uploads\/2019\/01\/calidad.jpg\" alt=\"\" width=\"600\" height=\"150\" srcset=\"http:\/\/maquinadosreyes.com.mx\/wp-content\/uploads\/2019\/01\/calidad.jpg 600w, http:\/\/maquinadosreyes.com.mx\/wp-content\/uploads\/2019\/01\/calidad-300x75.jpg 300w\" sizes=\"(max-width: 600px) 100vw, 600px\" \/><\/p><\/div><\/div><\/div>\n<\/div><script type=\"text\/javascript\">\r\njQuery(document).ready(function($){\r\n  $( '#tabid_14 a' ).click( function ( e ) {\r\n        e.preventDefault();\r\n        $( this ).tab( 'show' );\r\n  } );fakewaffle.responsiveTabs( $( '#tabid_14' ),['lg','md','sm','xs'] );});\r\n<\/script><\/div><\/div><div id=\"element_18\" class=\"el_column col-md-6\"><div class=\"inner-column\"><div id=\"element_19\" class=\"el_image\"><div class=\"img-wrap image-align-left style-default\" ><div class=\"inner-wrap\" ><img decoding=\"async\"  class=\"img-responsive\"  src=\"http:\/\/maquinadosreyes.com.mx\/wp-content\/uploads\/2019\/01\/about-460x450.jpg\" alt=\"\"\/><\/div><\/div><\/div><\/div><\/div><\/div><\/div><\/div><\/div><\/div><\/div><\/div><\/div><div class=\"container-fluid\"><div class=\"container\"><div id=\"element_20177759364387\" class=\"el_row row\"><div class=\"inner-row\"><div id=\"element_21\" class=\"el_column col-md-12\"><div class=\"inner-column\"><div id=\"element-22\" class=\"section-head left layout-petro\"><div><h2 style=\"text-transform:uppercase\" class=\"section-main-title\">Nuestros Valores<\/h2><\/div><\/div><\/div><\/div><\/div><\/div><\/div><\/div><div class=\"container-fluid\"><div class=\"container\"><div id=\"element_23177759364390\" class=\"el_row row\"><div class=\"inner-row\"><div id=\"element_24\" class=\"el_column col-md-12\"><div class=\"inner-column\"><div id=\"element_25177759364325\" class=\"row el_row\"><div class=\"inner-row\"><div id=\"element_26\" class=\"el_column col-md-4\"><div class=\"inner-column\"><div id=\"element_27\" class=\"module-iconboxes style-4 content-align-center\"><div class=\"iconboxes-wrap\" ><span class=\"box\"><i  class=\"fa-star\">&nbsp;<\/i><\/span><div class=\"text-wrap\"><h4 class=\"box-heading\" style=\"color:#003366\">VALENT\u00cdA<\/h4><div class=\"iconboxes-text\"><p>Fuerza de voluntad para llevar adelante una acci\u00f3n a pesar de los impedimentos<\/p>\n<p>Lograr objetivos para con la empresa y los clientes<\/p><\/div><\/div><\/div><\/div><\/div><\/div><div id=\"element_28\" class=\"el_column col-md-4\"><div class=\"inner-column\"><div id=\"element_29\" class=\"module-iconboxes style-4\"><div class=\"iconboxes-wrap\" ><span class=\"box\"><i  class=\"fa-male\">&nbsp;<\/i><\/span><div class=\"text-wrap\"><h4 class=\"box-heading\" style=\"color:#003366\">RESPONSABILIDAD<\/h4><div class=\"iconboxes-text\"><p>Disposici\u00f3n de asumir las consecuencias de mis actos y decisiones<\/p>\n<p>Mejor desempe\u00f1o econ\u00f3mico, social y ambiental<\/p><\/div><\/div><\/div><\/div><\/div><\/div><div id=\"element_30\" class=\"el_column col-md-4\"><div class=\"inner-column\"><div id=\"element_31\" class=\"module-iconboxes style-4\"><div class=\"iconboxes-wrap\" ><span class=\"box\"><i  class=\"fa-comments-o\">&nbsp;<\/i><\/span><div class=\"text-wrap\"><h4 class=\"box-heading\" style=\"color:#003366\">HONESTIDAD<\/h4><div class=\"iconboxes-text\"><p>Hablar con la verdad de manera oportuna, formal y directa<\/p>\n<p>Para cumplir requisitos con todas las partes interesadas<\/p><\/div><\/div><\/div><\/div><\/div><\/div><\/div><\/div><\/div><\/div><\/div><\/div><\/div><\/div><div class=\"container-fluid\"><div id=\"element_32177759364349\" class=\"el_row row\"><div class=\"inner-row\"><div class=\"container\"><div class=\"row\"><div id=\"element_33\" class=\"el_column col-md-12\"><div class=\"inner-column\"><div id=\"element_34177759364395\" class=\"row el_row\"><div class=\"inner-row\"><div id=\"element_35\" class=\"el_column col-md-4\"><div class=\"inner-column\"><div id=\"element_36\" class=\"module-iconboxes style-4\"><div class=\"iconboxes-wrap\" ><span class=\"box\"><i  class=\"fa-child\">&nbsp;<\/i><\/span><div class=\"text-wrap\"><h4 class=\"box-heading\" style=\"color:#003366\">SUPERACI\u00d3N<\/h4><div class=\"iconboxes-text\"><p>Desarrollo de conocimientos, habilidades y actitudes<\/p>\n<p>Mejora de la calidad y del servicio, as\u00ed como crecimiento personal<\/p><\/div><\/div><\/div><\/div><\/div><\/div><div id=\"element_37\" class=\"el_column col-md-4\"><div class=\"inner-column\"><div id=\"element_38\" class=\"module-iconboxes style-4\"><div class=\"iconboxes-wrap\" ><span class=\"box\"><i  class=\"fa-check-circle\">&nbsp;<\/i><\/span><div class=\"text-wrap\"><h4 class=\"box-heading\" style=\"color:#003366\">DISCIPLINA<\/h4><div class=\"iconboxes-text\"><p>Hacer lo que tengo que hacer cuando lo tengo que hacer como lo tengo que hacer me guste o no me guste<\/p>\n<p>Hacernos m\u00e1s fuertes<\/p><\/div><\/div><\/div><\/div><\/div><\/div><div id=\"element_39\" class=\"el_column col-md-4\"><div class=\"inner-column\"><div id=\"element_40\" class=\"module-iconboxes style-4\"><div class=\"iconboxes-wrap\" ><span class=\"box\"><i  class=\"fa-user-circle-o\">&nbsp;<\/i><\/span><div class=\"text-wrap\"><h4 class=\"box-heading\" style=\"color:#003366\">RESPETO<\/h4><div class=\"iconboxes-text\"><p>La aceptaci\u00f3n y la tolerancia a las diferencias de las dem\u00e1s personas<\/p>\n<p>Establecer buenas relaciones laborales<\/p><\/div><\/div><\/div><\/div><\/div><\/div><\/div><\/div><\/div><\/div><\/div><\/div><\/div><\/div><\/div>\n","protected":false},"excerpt":{"rendered":"","protected":false},"author":5,"featured_media":0,"parent":0,"menu_order":11,"comment_status":"closed","ping_status":"closed","template":"editor_page.php","meta":{"footnotes":"","_joinchat":[]},"_links":{"self":[{"href":"http:\/\/maquinadosreyes.com.mx\/index.php?rest_route=\/wp\/v2\/pages\/1965"}],"collection":[{"href":"http:\/\/maquinadosreyes.com.mx\/index.php?rest_route=\/wp\/v2\/pages"}],"about":[{"href":"http:\/\/maquinadosreyes.com.mx\/index.php?rest_route=\/wp\/v2\/types\/page"}],"author":[{"embeddable":true,"href":"http:\/\/maquinadosreyes.com.mx\/index.php?rest_route=\/wp\/v2\/users\/5"}],"replies":[{"embeddable":true,"href":"http:\/\/maquinadosreyes.com.mx\/index.php?rest_route=%2Fwp%2Fv2%2Fcomments&post=1965"}],"version-history":[{"count":64,"href":"http:\/\/maquinadosreyes.com.mx\/index.php?rest_route=\/wp\/v2\/pages\/1965\/revisions"}],"predecessor-version":[{"id":4634,"href":"http:\/\/maquinadosreyes.com.mx\/index.php?rest_route=\/wp\/v2\/pages\/1965\/revisions\/4634"}],"wp:attachment":[{"href":"http:\/\/maquinadosreyes.com.mx\/index.php?rest_route=%2Fwp%2Fv2%2Fmedia&parent=1965"}],"curies":[{"name":"wp","href":"https:\/\/api.w.org\/{rel}","templated":true}]}}